{"id":8274,"date":"2026-03-07T18:53:04","date_gmt":"2026-03-07T17:53:04","guid":{"rendered":"https:\/\/www.jozef.krasnik.pl\/?page_id=8274"},"modified":"2026-03-07T18:53:04","modified_gmt":"2026-03-07T17:53:04","slug":"liturgiczna-sluzba-oltarza","status":"publish","type":"page","link":"https:\/\/www.jozef.krasnik.pl\/index.php\/wspolnoty\/liturgiczna-sluzba-oltarza\/","title":{"rendered":"Liturgiczna S\u0142u\u017cba O\u0142tarza"},"content":{"rendered":"<p>Liturgiczna S\u0142u\u017cba O\u0142tarza jest wsp\u00f3lnot\u0105 parafialn\u0105 skupiaj\u0105c\u0105 ch\u0142opc\u00f3w i m\u0142odzie\u017c, kt\u00f3rzy poprzez swoj\u0105 pos\u0142ug\u0119 pomagaj\u0105 w godnym sprawowaniu liturgii podczas Mszy \u015awi\u0119tej i nabo\u017ce\u0144stw. Cz\u0142onkowie LSO pe\u0142ni\u0105 funkcj\u0119 ministrant\u00f3w i lektor\u00f3w, s\u0142u\u017c\u0105 przy o\u0142tarzu, przygotowuj\u0105 dary liturgiczne oraz dbaj\u0105 o pi\u0119kno i porz\u0105dek liturgii.<\/p>\n<p>Spotkania formacyjne oraz zbi\u00f3rki Liturgicznej S\u0142u\u017cby O\u0142tarza odbywaj\u0105 si\u0119 w ka\u017cdy poniedzia\u0142ek o godzinie 16.00 w zakrystii.<br \/>\nOpiekunem grupy jest ks. Adam Podsiad\u0142o.<\/p>\n<p>Zapraszamy ch\u0142opc\u00f3w i m\u0142odzie\u017c, kt\u00f3rzy chcieliby w\u0142\u0105czy\u0107 si\u0119 w s\u0142u\u017cb\u0119 przy o\u0142tarzu oraz pog\u0142\u0119bia\u0107 swoj\u0105 wiar\u0119 poprzez wsp\u00f3ln\u0105 formacj\u0119 i zaanga\u017cowanie w \u017cycie liturgiczne parafii.<\/p>\n<p>&nbsp;<\/p>\n","protected":false},"excerpt":{"rendered":"<p>Liturgiczna S\u0142u\u017cba O\u0142tarza jest wsp\u00f3lnot\u0105 parafialn\u0105 skupiaj\u0105c\u0105 ch\u0142opc\u00f3w i m\u0142odzie\u017c, kt\u00f3rzy poprzez swoj\u0105 pos\u0142ug\u0119 pomagaj\u0105 w godnym sprawowaniu liturgii podczas Mszy \u015awi\u0119tej i nabo\u017ce\u0144stw. Cz\u0142onkowie LSO pe\u0142ni\u0105 funkcj\u0119 ministrant\u00f3w i lektor\u00f3w, s\u0142u\u017c\u0105 przy o\u0142tarzu,&#46;&#46;&#46;<\/p>\n","protected":false},"author":3,"featured_media":0,"parent":364,"menu_order":0,"comment_status":"closed","ping_status":"closed","template":"","meta":{"footnotes":""},"class_list":["post-8274","page","type-page","status-publish","hentry"],"_links":{"self":[{"href":"https:\/\/www.jozef.krasnik.pl\/index.php\/wp-json\/wp\/v2\/pages\/8274","targetHints":{"allow":["GET"]}}],"collection":[{"href":"https:\/\/www.jozef.krasnik.pl\/index.php\/wp-json\/wp\/v2\/pages"}],"about":[{"href":"https:\/\/www.jozef.krasnik.pl\/index.php\/wp-json\/wp\/v2\/types\/page"}],"author":[{"embeddable":true,"href":"https:\/\/www.jozef.krasnik.pl\/index.php\/wp-json\/wp\/v2\/users\/3"}],"replies":[{"embeddable":true,"href":"https:\/\/www.jozef.krasnik.pl\/index.php\/wp-json\/wp\/v2\/comments?post=8274"}],"version-history":[{"count":1,"href":"https:\/\/www.jozef.krasnik.pl\/index.php\/wp-json\/wp\/v2\/pages\/8274\/revisions"}],"predecessor-version":[{"id":8275,"href":"https:\/\/www.jozef.krasnik.pl\/index.php\/wp-json\/wp\/v2\/pages\/8274\/revisions\/8275"}],"up":[{"embeddable":true,"href":"https:\/\/www.jozef.krasnik.pl\/index.php\/wp-json\/wp\/v2\/pages\/364"}],"wp:attachment":[{"href":"https:\/\/www.jozef.krasnik.pl\/index.php\/wp-json\/wp\/v2\/media?parent=8274"}],"curies":[{"name":"wp","href":"https:\/\/api.w.org\/{rel}","templated":true}]}}