{"id":8244,"date":"2026-03-07T09:54:37","date_gmt":"2026-03-07T08:54:37","guid":{"rendered":"https:\/\/www.jozef.krasnik.pl\/?page_id=8244"},"modified":"2026-03-07T10:06:15","modified_gmt":"2026-03-07T09:06:15","slug":"meskie-kolo-rozancowe-pw-sw-jozefa","status":"publish","type":"page","link":"https:\/\/www.jozef.krasnik.pl\/index.php\/meskie-kolo-rozancowe-pw-sw-jozefa\/","title":{"rendered":"M\u0119skie Ko\u0142o R\u00f3\u017ca\u0144cowe pw. \u015aw. J\u00f3zefa"},"content":{"rendered":"<p data-start=\"38\" data-end=\"78\"><strong data-start=\"38\" data-end=\"78\">M\u0119skie Ko\u0142o R\u00f3\u017ca\u0144cowe pw. \u015aw. J\u00f3zefa<\/strong><\/p>\n<p data-start=\"80\" data-end=\"244\">Serdecznie zapraszamy wszystkich m\u0119\u017cczyzn do do\u0142\u0105czenia do M\u0119skiego Ko\u0142a R\u00f3\u017ca\u0144cowego pod patronatem \u015bw. J\u00f3zefa<br data-start=\"192\" data-end=\"195\" \/>w naszej parafii \u015bw. J\u00f3zefa Robotnika w Kra\u015bniku.<\/p>\n<p data-start=\"246\" data-end=\"352\">Spotkania odbywaj\u0105 si\u0119 w drugi i czwarty wtorek ka\u017cdego miesi\u0105ca o godz. 19.00 w dolnej cz\u0119\u015bci ko\u015bcio\u0142a.<\/p>\n<p data-start=\"354\" data-end=\"571\">To wyj\u0105tkowy czas modlitwy, duchowego umocnienia i braterskiej wsp\u00f3lnoty. Zapraszamy ka\u017cdego m\u0119\u017cczyzn\u0119, kt\u00f3ry pragnie zawierzy\u0107 swoje \u017cycie Bogu, szukaj\u0105c wzoru w \u015bw. J\u00f3zefie \u2013 patronie m\u0119\u017cczyzn, rodzin i pracy.<\/p>\n<p data-start=\"354\" data-end=\"571\">Kontakt, zapisy: pan Grzegorz &#8211; tel. 601 494 640<\/p>\n<p data-start=\"573\" data-end=\"628\">M\u0119skiemu Ko\u0142u R\u00f3\u017ca\u0144cowemu przewodniczy ks. Maksymilian.<\/p>\n<p data-start=\"573\" data-end=\"628\"><img loading=\"lazy\" decoding=\"async\" class=\"alignnone size-full wp-image-8245\" src=\"https:\/\/www.jozef.krasnik.pl\/wp-content\/uploads\/2026\/03\/Copilot_20260307_095312.png\" alt=\"\" width=\"1536\" height=\"1024\" srcset=\"https:\/\/www.jozef.krasnik.pl\/wp-content\/uploads\/2026\/03\/Copilot_20260307_095312.png 1536w, https:\/\/www.jozef.krasnik.pl\/wp-content\/uploads\/2026\/03\/Copilot_20260307_095312-300x200.png 300w, https:\/\/www.jozef.krasnik.pl\/wp-content\/uploads\/2026\/03\/Copilot_20260307_095312-1024x683.png 1024w, https:\/\/www.jozef.krasnik.pl\/wp-content\/uploads\/2026\/03\/Copilot_20260307_095312-768x512.png 768w\" sizes=\"auto, (max-width: 1536px) 100vw, 1536px\" \/><\/p>\n<p>&nbsp;<\/p>\n","protected":false},"excerpt":{"rendered":"<p>M\u0119skie Ko\u0142o R\u00f3\u017ca\u0144cowe pw. \u015aw. J\u00f3zefa Serdecznie zapraszamy wszystkich m\u0119\u017cczyzn do do\u0142\u0105czenia do M\u0119skiego Ko\u0142a R\u00f3\u017ca\u0144cowego pod patronatem \u015bw. J\u00f3zefaw naszej parafii \u015bw. J\u00f3zefa Robotnika w Kra\u015bniku. Spotkania odbywaj\u0105 si\u0119 w drugi i czwarty&#46;&#46;&#46;<\/p>\n","protected":false},"author":3,"featured_media":0,"parent":0,"menu_order":0,"comment_status":"closed","ping_status":"closed","template":"","meta":{"footnotes":""},"class_list":["post-8244","page","type-page","status-publish","hentry"],"_links":{"self":[{"href":"https:\/\/www.jozef.krasnik.pl\/index.php\/wp-json\/wp\/v2\/pages\/8244","targetHints":{"allow":["GET"]}}],"collection":[{"href":"https:\/\/www.jozef.krasnik.pl\/index.php\/wp-json\/wp\/v2\/pages"}],"about":[{"href":"https:\/\/www.jozef.krasnik.pl\/index.php\/wp-json\/wp\/v2\/types\/page"}],"author":[{"embeddable":true,"href":"https:\/\/www.jozef.krasnik.pl\/index.php\/wp-json\/wp\/v2\/users\/3"}],"replies":[{"embeddable":true,"href":"https:\/\/www.jozef.krasnik.pl\/index.php\/wp-json\/wp\/v2\/comments?post=8244"}],"version-history":[{"count":4,"href":"https:\/\/www.jozef.krasnik.pl\/index.php\/wp-json\/wp\/v2\/pages\/8244\/revisions"}],"predecessor-version":[{"id":8255,"href":"https:\/\/www.jozef.krasnik.pl\/index.php\/wp-json\/wp\/v2\/pages\/8244\/revisions\/8255"}],"wp:attachment":[{"href":"https:\/\/www.jozef.krasnik.pl\/index.php\/wp-json\/wp\/v2\/media?parent=8244"}],"curies":[{"name":"wp","href":"https:\/\/api.w.org\/{rel}","templated":true}]}}